{"id":2233,"date":"2025-06-24T02:51:26","date_gmt":"2025-06-24T02:51:26","guid":{"rendered":"https:\/\/wordpress.themehour.net\/builda\/?page_id=2233"},"modified":"2025-12-01T02:03:19","modified_gmt":"2025-12-01T02:03:19","slug":"ueber-uns","status":"publish","type":"page","link":"https:\/\/ad-bau.ch\/index.php\/ueber-uns\/","title":{"rendered":"\u00dcBER UNS"},"content":{"rendered":"\t\t<div data-elementor-type=\"wp-page\" data-elementor-id=\"2233\" class=\"elementor elementor-2233\">\n\t\t\t\t<div class=\"elementor-element elementor-element-668e59c e-con-full e-flex e-con e-parent\" data-id=\"668e59c\" data-element_type=\"container\" data-settings=\"{&quot;background_background&quot;:&quot;classic&quot;}\">\n\t\t<div class=\"elementor-element elementor-element-c439785 e-flex e-con-boxed e-con e-child\" data-id=\"c439785\" data-element_type=\"container\" data-settings=\"{&quot;background_background&quot;:&quot;classic&quot;}\">\n\t\t\t\t\t<div class=\"e-con-inner\">\n\t\t<div class=\"elementor-element elementor-element-19872b7 e-con-full e-flex e-con e-child\" data-id=\"19872b7\" data-element_type=\"container\">\n\t\t\t\t<div class=\"elementor-element elementor-element-5a63810 elementor-widget elementor-widget-realarsectiontitle\" data-id=\"5a63810\" data-element_type=\"widget\" data-widget_type=\"realarsectiontitle.default\">\n\t\t\t\t<div class=\"elementor-widget-container\">\n\t\t\t\t\t\t\t<div class=\"title-area text-left \">\r\n\t\t\t<h2 class=\"sec-title \">\u00dcBER UNS<\/h2><p class=\"sec-text\">Die AD Bau Group GmbH wurde 2015 von den vision\u00e4ren Br\u00fcdern Alban und Arben Dragaqina gegr\u00fcndet. Was als kleines Unternehmen f\u00fcr Verkauf und Montage von Fenstern begann, entwickelte sich dank Engagement, Zuverl\u00e4ssigkeit und dem Vertrauen unserer Kundschaft zu einem anerkannten Namen im Schweizer Bau- und Immobilienmarkt.\n\nHeute stehen wir f\u00fcr hochwertige Bauprojekte, nachhaltige Entwicklungsstrategien und schl\u00fcsselfertige L\u00f6sungen \u2013 als Verbindung zwischen der Verl\u00e4sslichkeit eines Familienunternehmens und der Professionalit\u00e4t einer modernen Generalunternehmung.\n\nUnsere Mission: Moderne, nachhaltige und hochwertige Lebens- und Arbeitsr\u00e4ume zu schaffen \u2013 Tr\u00e4ume zu verwirklichen und langfristige Werte aufzubauen.\nUnsere Vision: Neue Massst\u00e4be im Schweizer Bauwesen zu setzen  mit Qualit\u00e4t, Vertrauen und Innovation als Fundament.<\/p>\t\t<\/div>\r\n\r\n\t\t\t\t\t<\/div>\n\t\t\t\t<\/div>\n\t\t\t\t<\/div>\n\t\t<div class=\"elementor-element elementor-element-8790fb8 e-con-full e-flex e-con e-child\" data-id=\"8790fb8\" data-element_type=\"container\">\n\t\t\t\t<div class=\"elementor-element elementor-element-066e6c3 elementor-widget elementor-widget-video\" data-id=\"066e6c3\" data-element_type=\"widget\" data-settings=\"{&quot;video_type&quot;:&quot;hosted&quot;,&quot;autoplay&quot;:&quot;yes&quot;,&quot;play_on_mobile&quot;:&quot;yes&quot;,&quot;mute&quot;:&quot;yes&quot;,&quot;loop&quot;:&quot;yes&quot;}\" data-widget_type=\"video.default\">\n\t\t\t\t\t\t\t<div class=\"e-hosted-video elementor-wrapper elementor-open-inline\">\n\t\t\t\t\t<video class=\"elementor-video\" src=\"https:\/\/ad-bau.ch\/wp-content\/uploads\/2025\/12\/VID-20250915-WA0002.mp4\" autoplay=\"\" loop=\"\" muted=\"muted\" playsinline=\"\" controlsList=\"nodownload\"><\/video>\n\t\t\t\t<\/div>\n\t\t\t\t\t\t<\/div>\n\t\t\t\t<\/div>\n\t\t\t\t\t<\/div>\n\t\t\t\t<\/div>\n\t\t\t\t<\/div>\n\t\t<div class=\"elementor-element elementor-element-dba6ec5 e-con-full e-flex e-con e-child\" data-id=\"dba6ec5\" data-element_type=\"container\">\n\t\t\t\t<div class=\"elementor-element elementor-element-d02e16b elementor-widget elementor-widget-builda_video_why_choose_us\" data-id=\"d02e16b\" data-element_type=\"widget\" data-widget_type=\"builda_video_why_choose_us.default\">\n\t\t\t\t<div class=\"elementor-widget-container\">\n\t\t\t\t\t\r\n\r\r\n        <div class=\"container\">\r\r\n            <div class=\"video-area-1-1 space-bottom position-relative\">\r\r\n                <div class=\"video-wrap1 style2 overflow-hidden\">\r\r\n                    <div class=\"video-box1\" data-overlay=\"black2\" data-opacity=\"3\">\r\r\n                        \r\n                            <img decoding=\"async\" src=\"https:\/\/ad-bau.ch\/wp-content\/uploads\/2025\/12\/IMG-20250915-WA0034.jpg\" alt=\"video background\">\r\r\n                        \r\n                        \r\n                    <\/div>\r\r\n                    <div class=\"video-wrap-details bg-white\">\r\r\n                        <div class=\"title-area mb-45\">\r\r\n                            <h2 class=\"sec-title\">Warum AD BAU?<\/h2>\r\r\n                            <p class=\"sec-text\">Bei AD BAU Group GmbH kombinieren wir pr\u00e4zises Handwerk, moderne Arbeitsmethoden und echte Kundenorientierung. Unser Ziel ist es, jedes Projekt zuverl\u00e4ssig, sauber und termingerecht umzusetzen \u2013 von kleinen Reparaturen bis zu umfassenden Renovationen. Wir stehen f\u00fcr Qualit\u00e4t, Transparenz und L\u00f6sungen, die genau auf Ihre Bed\u00fcrfnisse abgestimmt sind.<\/p>\r\r\n                        <\/div>\r\r\n                        <div class=\"row gy-4\">\r\r\n                            \r\n                                <div class=\"col-sm-6\">\r\r\n                                    <div class=\"why-info-card style2\">\r\r\n                                        <div class=\"box-icon\">\r\r\n                                            <img decoding=\"async\" src=\"https:\/\/wordpress.themehour.net\/builda\/wp-content\/uploads\/2025\/06\/checkmark2.svg\" alt=\"icon\">\r\r\n                                        <\/div>\r\r\n                                        <h4 class=\"box-title\">Qualit\u00e4t &amp; Pr\u00e4zision<\/h4>\r\r\n                                    <\/div>\r\r\n                                <\/div>\r\r\n                            \r\n                                <div class=\"col-sm-6\">\r\r\n                                    <div class=\"why-info-card style2\">\r\r\n                                        <div class=\"box-icon\">\r\r\n                                            <img decoding=\"async\" src=\"https:\/\/wordpress.themehour.net\/builda\/wp-content\/uploads\/2025\/06\/checkmark2.svg\" alt=\"icon\">\r\r\n                                        <\/div>\r\r\n                                        <h4 class=\"box-title\">Zuverl\u00e4ssig &amp; P\u00fcnktlich<\/h4>\r\r\n                                    <\/div>\r\r\n                                <\/div>\r\r\n                            \r\n                                <div class=\"col-sm-6\">\r\r\n                                    <div class=\"why-info-card style2\">\r\r\n                                        <div class=\"box-icon\">\r\r\n                                            <img decoding=\"async\" src=\"https:\/\/wordpress.themehour.net\/builda\/wp-content\/uploads\/2025\/06\/checkmark2.svg\" alt=\"icon\">\r\r\n                                        <\/div>\r\r\n                                        <h4 class=\"box-title\">Erfahrenes Team<\/h4>\r\r\n                                    <\/div>\r\r\n                                <\/div>\r\r\n                            \r\n                                <div class=\"col-sm-6\">\r\r\n                                    <div class=\"why-info-card style2\">\r\r\n                                        <div class=\"box-icon\">\r\r\n                                            <img decoding=\"async\" src=\"https:\/\/wordpress.themehour.net\/builda\/wp-content\/uploads\/2025\/06\/checkmark2.svg\" alt=\"icon\">\r\r\n                                        <\/div>\r\r\n                                        <h4 class=\"box-title\">Alles aus einer Hand<\/h4>\r\r\n                                    <\/div>\r\r\n                                <\/div>\r\r\n                            \r\n                        <\/div>\r\r\n                    <\/div>\r\r\n                <\/div>\r\r\n            <\/div>\r\r\n        <\/div>\r\r\n\r\r\n        \t\t\t\t<\/div>\n\t\t\t\t<\/div>\n\t\t\t\t<\/div>\n\t\t<div class=\"elementor-element elementor-element-a55607a e-con-full e-flex e-con e-parent\" data-id=\"a55607a\" data-element_type=\"container\">\n\t\t<div class=\"elementor-element elementor-element-7847b5b e-con-full e-flex e-con e-child\" data-id=\"7847b5b\" data-element_type=\"container\" data-settings=\"{&quot;background_background&quot;:&quot;classic&quot;}\">\n\t\t\t\t<\/div>\n\t\t\t\t<\/div>\n\t\t\t\t<\/div>\n\t\t","protected":false},"excerpt":{"rendered":"<p>\u00dcBER UNS Die AD Bau Group GmbH wurde 2015 von den vision\u00e4ren Br\u00fcdern Alban und Arben Dragaqina gegr\u00fcndet. Was als kleines Unternehmen f\u00fcr Verkauf und Montage von Fenstern begann, entwickelte sich dank Engagement, Zuverl\u00e4ssigkeit und dem Vertrauen unserer Kundschaft zu einem anerkannten Namen im Schweizer Bau- und Immobilienmarkt. Heute stehen wir f\u00fcr hochwertige Bauprojekte, nachhaltige&#8230;<\/p>\n","protected":false},"author":1,"featured_media":0,"parent":0,"menu_order":0,"comment_status":"closed","ping_status":"closed","template":"template-builder.php","meta":{"_monsterinsights_skip_tracking":false,"_monsterinsights_sitenote_active":false,"_monsterinsights_sitenote_note":"","_monsterinsights_sitenote_category":0,"footnotes":""},"class_list":["post-2233","page","type-page","status-publish","hentry"],"aioseo_notices":[],"_links":{"self":[{"href":"https:\/\/ad-bau.ch\/index.php\/wp-json\/wp\/v2\/pages\/2233","targetHints":{"allow":["GET"]}}],"collection":[{"href":"https:\/\/ad-bau.ch\/index.php\/wp-json\/wp\/v2\/pages"}],"about":[{"href":"https:\/\/ad-bau.ch\/index.php\/wp-json\/wp\/v2\/types\/page"}],"author":[{"embeddable":true,"href":"https:\/\/ad-bau.ch\/index.php\/wp-json\/wp\/v2\/users\/1"}],"replies":[{"embeddable":true,"href":"https:\/\/ad-bau.ch\/index.php\/wp-json\/wp\/v2\/comments?post=2233"}],"version-history":[{"count":7,"href":"https:\/\/ad-bau.ch\/index.php\/wp-json\/wp\/v2\/pages\/2233\/revisions"}],"predecessor-version":[{"id":4265,"href":"https:\/\/ad-bau.ch\/index.php\/wp-json\/wp\/v2\/pages\/2233\/revisions\/4265"}],"wp:attachment":[{"href":"https:\/\/ad-bau.ch\/index.php\/wp-json\/wp\/v2\/media?parent=2233"}],"curies":[{"name":"wp","href":"https:\/\/api.w.org\/{rel}","templated":true}]}}